{"id":466,"date":"2020-03-23T19:01:37","date_gmt":"2020-03-23T10:01:37","guid":{"rendered":"https::\/www.inm.u-toyama.ac.jp\/?page_id=466"},"modified":"2022-07-26T14:23:43","modified_gmt":"2022-07-26T05:23:43","slug":"database","status":"publish","type":"page","link":"https:\/\/www.inm.u-toyama.ac.jp\/en\/database\/","title":{"rendered":"WAKANYAKU Database Portal"},"content":{"rendered":"<h2>WAKANYAKU Database Portal<\/h2>\n<p>This portal page shows links to the top pages of each database of WAKANYAKU (natural medicine).<\/p>\n<div class=\"text-center\">\n<form class=\"database_search\" name=\"topMenuForm\"><input name=\"tf\" type=\"text\" value=\"\" \/><input name=\"link\" type=\"button\" value=\"Database cross search\" onclick=\"jump()\"\/><\/form>\n<\/div>\n<div class=\"wrap_area\">\n<h3>INM Databases<\/h3>\n<div class=\"row\">\n<div class=\"col-md-6\">\n<div class=\"row\">\n<div class=\"col-md-4 col-lg-3 text-center\">\n<a href=\"https:\/\/dentomed.toyama-wakan.net\/index_en\" target=\"_blank\" rel=\"noopener noreferrer\"><image src=\"\/wp-content\/themes\/wakanken\/images\/database\/logo_dentomed.jpg\"><\/a>\n<\/div>\n<div class=\"col-md-8 col-lg-9\">\n<h5><a href=\"https:\/\/dentomed.toyama-wakan.net\/index_en\" target=\"_blank\" rel=\"noopener noreferrer\">TradMPD<\/a><\/h5>\n<p>This database provides various kinds of scientific information on crude drugs, kampo formulas, and natural compounds. The results of genetic (crude drug only), chemical, and biological analyses on crude drugs, kampo formulas, and natural compounds are also included.\n<\/p><\/div>\n<\/div>\n<\/div>\n<div class=\"col-md-6\">\n<div class=\"row\">\n<div class=\"col-md-4 col-lg-3 text-center\">\n<a href=\"\/wiki\/\" target=\"_blank\" rel=\"noopener noreferrer\"><image src=\"\/wp-content\/themes\/wakanken\/images\/database\/logo_wiki.jpg\"><\/a>\n<\/div>\n<div class=\"col-md-8 col-lg-9\">\n<h5><a href=\"\/wiki\/\" target=\"_blank\" rel=\"noopener noreferrer\">WAKANYAKU Wiki Database<\/a><\/h5>\n<p>This database provides reviews on natural medicines, natural compounds isolated and identified in Institute of Natural Medicine, LC-MS profiles of samples used in researches on natural medicines, and &#8220;honzotsukan&#8221;, a book on crude drugs written in the Edo period. It includes links to ToRepo.\n<\/p><\/div>\n<\/div>\n<\/div>\n<\/div>\n<div class=\"row\">\n<div class=\"col-md-6\">\n<div class=\"row\">\n<div class=\"col-md-4 col-lg-3 text-center\">\n<a href=\"https:\/\/ethmed.toyama-wakan.net\/SearchEn\/\" target=\"_blank\" rel=\"noopener noreferrer\"><image src=\"\/wp-content\/themes\/wakanken\/images\/database\/logo_ethmed.jpg\"><\/a>\n<\/div>\n<div class=\"col-md-8 col-lg-9\">\n<h5><a href=\"https:\/\/ethmed.toyama-wakan.net\/SearchEn\/\" target=\"_blank\" rel=\"noopener noreferrer\">ETHMEDmmm<\/a><\/h5>\n<p>This database provides scientific information on crude drugs as well as the crude drug specimens stored in the Museum of Materia Medica. It is maintained by the Museum of Materia Medica.\n<\/p><\/div>\n<\/div>\n<\/div>\n<div class=\"col-md-6\">\n<div class=\"row\">\n<div class=\"col-md-4 col-lg-3 text-center\">\n<a href=\"https:\/\/wakanmoview.inm.u-toyama.ac.jp\/kampo\/\" target=\"_blank\" rel=\"noopener noreferrer\"><image src=\"\/wp-content\/themes\/wakanken\/images\/database\/logo_kampodb.png\"><\/a>\n<\/div>\n<div class=\"col-md-8 col-lg-9\">\n<h5><a href=\"https:\/\/wakanmoview.inm.u-toyama.ac.jp\/kampo\/\" target=\"_blank\" rel=\"noopener noreferrer\">KampoDB<\/a><\/h5>\n<p>This database provides information about natural compound-protein interactions predicted by using docking simulations and machine learning. It also provides information about what pathways and biological processes are predicted to be affected by kampo formulas and crude drugs.\n<\/p><\/div>\n<\/div>\n<\/div>\n<\/div>\n<div class=\"row\">\n<div class=\"col-md-6\">\n<div class=\"row\">\n<div class=\"col-md-4 col-lg-3 text-center\">\n<a href=\"https:\/\/ethmed.toyama-wakan.net\/honzou\" target=\"_blank\" rel=\"noopener noreferrer\"><image src=\"https:\/\/www.inm.u-toyama.ac.jp\/wp-content\/uploads\/2022\/05\/logo_honzou.png\"><\/a>\n<\/div>\n<div class=\"col-md-8 col-lg-9\">\n<h5><a href=\"https:\/\/ethmed.toyama-wakan.net\/honzou\" target=\"_blank\" rel=\"noopener noreferrer\">Shouruihonzou DB<\/a><\/h5>\n<p>This database provides the Japanese translation of the original text of &#8220;Zh\u00e8ng L\u00e8i B\u011bn C\u01ceo&#8221; (\u8b49\u985e\u672c\u8349). It is maintained by the Museum of Materia Medica.\n<\/p><\/div>\n<\/div>\n<\/div>\n<\/div>\n<\/div>\n<div class=\"wrap_area\">\n<h3>Exploratory Research Data<\/h3>\n<h4>What is exploratory research?<\/h4>\n<p>Exploratory research project is an INM project in which libraries of natural medicines, such as crude drug extracts, are provided by INM, and researchers outside INM conduct bioassay using the libraries. The results are then published in an INM database. For more details, please see <a href=\"\/joint-research\/\">here<\/a>.<\/p>\n<h4>Libraries<\/h4>\n<p><a href=\"\/collabo\/doc\/2020-2021fy_attachment_1.pdf\" target=\"_blank\" rel=\"noopener noreferrer\">List of extracts for exploratory research<\/a><\/p>\n<h4>Results of bioassay<\/h4>\n<p>The results of the bioassay with respect to exploratory research can be seen at Exploratory Research in <a href=\"https:\/\/dentomed.toyama-wakan.net\/index_en\" target=\"_blank\" rel=\"noopener noreferrer\">TradMPD<\/a>.\n<\/div>\n<div class=\"wrap_area\">\n<h3>Related Databases<\/h3>\n<div class=\"row\">\n<div class=\"col-md-6\">\n<div class=\"row\">\n<div class=\"col-md-4 col-lg-3 text-center\">\n<a href=\"http:\/\/mpdb.nibiohn.go.jp\/\" target=\"_blank\" rel=\"noopener noreferrer\"><image src=\"\/wp-content\/themes\/wakanken\/images\/database\/logo_nibiohn.png\"><\/a>\n<\/div>\n<div class=\"col-md-8 col-lg-9\">\n<h5><a href=\"http:\/\/mpdb.nibiohn.go.jp\/\" target=\"_blank\" rel=\"noopener noreferrer\">Comprehensive Medicinal Plant Database<\/a><\/h5>\n<\/div>\n<\/div>\n<\/div>\n<div class=\"col-md-6\">\n<div class=\"row\">\n<div class=\"col-md-4 col-lg-3 text-center\">\n<a href=\"http:\/\/www.knapsackfamily.com\/knapsack_core\/top.php\" target=\"_blank\" rel=\"noopener noreferrer\"><image src=\"\/wp-content\/themes\/wakanken\/images\/database\/logo_knapsack.gif\"><\/a>\n<\/div>\n<div class=\"col-md-8 col-lg-9\">\n<h5><a href=\"http:\/\/www.knapsackfamily.com\/knapsack_core\/top.php\" target=\"_blank\" rel=\"noopener noreferrer\">KNApSAcK<\/a><\/h5>\n<\/div>\n<\/div>\n<\/div>\n<\/div>\n<div class=\"row\">\n<div class=\"col-md-6\">\n<div class=\"row\">\n<div class=\"col-md-4 col-lg-3 text-center\">\n<a href=\"http:\/\/metabolomics.jp\/wiki\/Main_Page\" target=\"_blank\" rel=\"noopener noreferrer\"><image src=\"\/wp-content\/themes\/wakanken\/images\/database\/logo_metabolomics.png\"><\/a>\n<\/div>\n<div class=\"col-md-8 col-lg-9\">\n<h5><a href=\"http:\/\/metabolomics.jp\/wiki\/Main_Page\" target=\"_blank\" rel=\"noopener noreferrer\">Metabolomics.jp<\/a><\/h5>\n<\/div>\n<\/div>\n<\/div>\n<div class=\"col-md-6\">\n<div class=\"row\">\n<div class=\"col-md-4 col-lg-3 text-center\">\n<a href=\"http:\/\/www.massbank.jp\/\" target=\"_blank\" rel=\"noopener noreferrer\"><image src=\"\/wp-content\/themes\/wakanken\/images\/database\/logo_massbank.jpg\"><\/a>\n<\/div>\n<div class=\"col-md-8 col-lg-9\">\n<h5><a href=\"http:\/\/www.massbank.jp\/\" target=\"_blank\" rel=\"noopener noreferrer\">MassBank<\/a><\/h5>\n<\/div>\n<\/div>\n<\/div>\n<\/div>\n<\/div>\n<p><script>\n     function jump(){\n\t var s = encodeURI(document.topMenuForm.tf.value);\n\t window.open(\"https:\/\/dentomed.toyama-wakan.net\/ja\/search\/?keyword=\" + s);\n\t window.open(\"https:\/\/www.google.com\/search?hl=ja&as_sitesearch=https:\/\/www.inm.u-toyama.ac.jp\/wiki&q=\" + s + \"&gws_rd=ssl\");\n\t window.open(\"https:\/\/ethmed.toyama-wakan.net\/Search\/Execution\/?searchAll=\" + s);\n\t window.open(\"https:\/\/wakanmoview.inm.u-toyama.ac.jp\/kampo\/search?query=\" + s);\n     }\n<\/script><\/p>\n","protected":false},"excerpt":{"rendered":"<p>WAKANYAKU Database Portal This portal page shows links to the top pages of each database of WAKANYAKU (natural [&hellip;]<\/p>\n","protected":false},"author":1,"featured_media":0,"parent":0,"menu_order":0,"comment_status":"closed","ping_status":"closed","template":"","meta":{"_locale":"en_US","_original_post":"https::\/www.inm.u-toyama.ac.jp\/?page_id=94","footnotes":""},"class_list":["post-466","page","type-page","status-publish","hentry","en-US"],"_links":{"self":[{"href":"https:\/\/www.inm.u-toyama.ac.jp\/wp-json\/wp\/v2\/pages\/466","targetHints":{"allow":["GET"]}}],"collection":[{"href":"https:\/\/www.inm.u-toyama.ac.jp\/wp-json\/wp\/v2\/pages"}],"about":[{"href":"https:\/\/www.inm.u-toyama.ac.jp\/wp-json\/wp\/v2\/types\/page"}],"author":[{"embeddable":true,"href":"https:\/\/www.inm.u-toyama.ac.jp\/wp-json\/wp\/v2\/users\/1"}],"replies":[{"embeddable":true,"href":"https:\/\/www.inm.u-toyama.ac.jp\/wp-json\/wp\/v2\/comments?post=466"}],"version-history":[{"count":35,"href":"https:\/\/www.inm.u-toyama.ac.jp\/wp-json\/wp\/v2\/pages\/466\/revisions"}],"predecessor-version":[{"id":3560,"href":"https:\/\/www.inm.u-toyama.ac.jp\/wp-json\/wp\/v2\/pages\/466\/revisions\/3560"}],"wp:attachment":[{"href":"https:\/\/www.inm.u-toyama.ac.jp\/wp-json\/wp\/v2\/media?parent=466"}],"curies":[{"name":"wp","href":"https:\/\/api.w.org\/{rel}","templated":true}]}}